{"id":21750,"date":"2016-06-24T18:11:58","date_gmt":"2016-06-24T18:11:58","guid":{"rendered":"https:\/\/mestrainfo.com.br\/site\/?page_id=21750"},"modified":"2016-12-16T10:47:30","modified_gmt":"2016-12-16T12:47:30","slug":"desenvolvimento-e-manutencao-de-sistemas","status":"publish","type":"page","link":"https:\/\/mestrainfo.com.br\/site\/servicos\/desenvolvimento-e-manutencao-de-sistemas\/","title":{"rendered":"Desenvolvimento e Manuten\u00e7\u00e3o de Sistemas"},"content":{"rendered":"<p>[vc_row row_type=&#8221;row&#8221; use_row_as_full_screen_section=&#8221;no&#8221; type=&#8221;full_width&#8221; text_align=&#8221;left&#8221; background_color=&#8221;#f5f5f5&#8243; padding_top=&#8221;10&#8243; padding_bottom=&#8221;10&#8243; css_animation=&#8221;&#8221;][vc_column][vc_column_text]Atrav\u00e9s de metodologia pr\u00f3pria, oferecemos servi\u00e7os capazes de resolver, parcial ou totalmente, atividades relacionadas ao ciclo de vida de sistemas informatizados, como: ger\u00eancia de projeto, levantamento de necessidades, an\u00e1lise, defini\u00e7\u00e3o dos requisitos da arquitetura de sistemas (hardware e software), entre outros. Al\u00e9m disso, o cliente Mestra pode solicitar profissionais com conhecimentos espec\u00edficos para aloca\u00e7\u00e3o na sua pr\u00f3pria empresa.[\/vc_column_text][\/vc_column][\/vc_row][vc_row row_type=&#8221;row&#8221; use_row_as_full_screen_section=&#8221;no&#8221; type=&#8221;full_width&#8221; text_align=&#8221;left&#8221; css_animation=&#8221;&#8221;][vc_column][vc_empty_space height=&#8221;50px&#8221;][\/vc_column][\/vc_row]<\/p>\n","protected":false},"excerpt":{"rendered":"<p>[vc_row row_type=&#8221;row&#8221; use_row_as_full_screen_section=&#8221;no&#8221; type=&#8221;full_width&#8221; text_align=&#8221;left&#8221; background_color=&#8221;#f5f5f5&#8243; padding_top=&#8221;10&#8243; padding_bottom=&#8221;10&#8243; css_animation=&#8221;&#8221;][vc_column][vc_column_text]Atrav\u00e9s de metodologia pr\u00f3pria, oferecemos servi\u00e7os capazes de resolver, parcial ou totalmente, atividades relacionadas ao ciclo de vida de sistemas informatizados, como: ger\u00eancia de projeto, levantamento de necessidades, an\u00e1lise, defini\u00e7\u00e3o dos requisitos da arquitetura de sistemas (hardware&#8230;<\/p>\n","protected":false},"author":1,"featured_media":0,"parent":21439,"menu_order":0,"comment_status":"open","ping_status":"open","template":"","meta":{"_monsterinsights_skip_tracking":false,"_monsterinsights_sitenote_active":false,"_monsterinsights_sitenote_note":"","_monsterinsights_sitenote_category":0,"footnotes":""},"class_list":["post-21750","page","type-page","status-publish","hentry"],"yoast_head":"<!-- This site is optimized with the Yoast SEO plugin v25.5 - https:\/\/yoast.com\/wordpress\/plugins\/seo\/ -->\r\n<title>Desenvolvimento e Manuten\u00e7\u00e3o de Sistemas - Mestra Inform\u00e1tica e Tecnologia<\/title>\r\n<meta name=\"robots\" content=\"index, follow, max-snippet:-1, max-image-preview:large, max-video-preview:-1\" \/>\r\n<link rel=\"canonical\" href=\"https:\/\/mestrainfo.com.br\/site\/servicos\/desenvolvimento-e-manutencao-de-sistemas\/\" \/>\r\n<meta property=\"og:locale\" content=\"pt_BR\" \/>\r\n<meta property=\"og:type\" content=\"article\" \/>\r\n<meta property=\"og:title\" content=\"Desenvolvimento e Manuten\u00e7\u00e3o de Sistemas - Mestra Inform\u00e1tica e Tecnologia\" \/>\r\n<meta property=\"og:description\" content=\"[vc_row row_type=&#8221;row&#8221; use_row_as_full_screen_section=&#8221;no&#8221; type=&#8221;full_width&#8221; text_align=&#8221;left&#8221; background_color=&#8221;#f5f5f5&#8243; padding_top=&#8221;10&#8243; padding_bottom=&#8221;10&#8243; css_animation=&#8221;&#8221;][vc_column][vc_column_text]Atrav\u00e9s de metodologia pr\u00f3pria, oferecemos servi\u00e7os capazes de resolver, parcial ou totalmente, atividades relacionadas ao ciclo de vida de sistemas informatizados, como: ger\u00eancia de projeto, levantamento de necessidades, an\u00e1lise, defini\u00e7\u00e3o dos requisitos da arquitetura de sistemas (hardware...\" \/>\r\n<meta property=\"og:url\" content=\"https:\/\/mestrainfo.com.br\/site\/servicos\/desenvolvimento-e-manutencao-de-sistemas\/\" \/>\r\n<meta property=\"og:site_name\" content=\"Mestra Inform\u00e1tica e Tecnologia\" \/>\r\n<meta property=\"article:modified_time\" content=\"2016-12-16T12:47:30+00:00\" \/>\r\n<meta name=\"twitter:card\" content=\"summary_large_image\" \/>\r\n<meta name=\"twitter:label1\" content=\"Est. tempo de leitura\" \/>\n\t<meta name=\"twitter:data1\" content=\"1 minuto\" \/>\r\n<script type=\"application\/ld+json\" class=\"yoast-schema-graph\">{\"@context\":\"https:\/\/schema.org\",\"@graph\":[{\"@type\":\"WebPage\",\"@id\":\"https:\/\/mestrainfo.com.br\/site\/servicos\/desenvolvimento-e-manutencao-de-sistemas\/\",\"url\":\"https:\/\/mestrainfo.com.br\/site\/servicos\/desenvolvimento-e-manutencao-de-sistemas\/\",\"name\":\"Desenvolvimento e Manuten\u00e7\u00e3o de Sistemas - Mestra Inform\u00e1tica e Tecnologia\",\"isPartOf\":{\"@id\":\"https:\/\/mestrainfo.com.br\/site\/#website\"},\"datePublished\":\"2016-06-24T18:11:58+00:00\",\"dateModified\":\"2016-12-16T12:47:30+00:00\",\"breadcrumb\":{\"@id\":\"https:\/\/mestrainfo.com.br\/site\/servicos\/desenvolvimento-e-manutencao-de-sistemas\/#breadcrumb\"},\"inLanguage\":\"pt-BR\",\"potentialAction\":[{\"@type\":\"ReadAction\",\"target\":[\"https:\/\/mestrainfo.com.br\/site\/servicos\/desenvolvimento-e-manutencao-de-sistemas\/\"]}]},{\"@type\":\"BreadcrumbList\",\"@id\":\"https:\/\/mestrainfo.com.br\/site\/servicos\/desenvolvimento-e-manutencao-de-sistemas\/#breadcrumb\",\"itemListElement\":[{\"@type\":\"ListItem\",\"position\":1,\"name\":\"In\u00edcio\",\"item\":\"https:\/\/mestrainfo.com.br\/site\/\"},{\"@type\":\"ListItem\",\"position\":2,\"name\":\"Servi\u00e7os\",\"item\":\"https:\/\/mestrainfo.com.br\/site\/servicos\/\"},{\"@type\":\"ListItem\",\"position\":3,\"name\":\"Desenvolvimento e Manuten\u00e7\u00e3o de Sistemas\"}]},{\"@type\":\"WebSite\",\"@id\":\"https:\/\/mestrainfo.com.br\/site\/#website\",\"url\":\"https:\/\/mestrainfo.com.br\/site\/\",\"name\":\"Mestra Inform\u00e1tica e Tecnologia\",\"description\":\"Consultoria, Planejamento e Desenvolvimento de Sistemas\",\"publisher\":{\"@id\":\"https:\/\/mestrainfo.com.br\/site\/#organization\"},\"potentialAction\":[{\"@type\":\"SearchAction\",\"target\":{\"@type\":\"EntryPoint\",\"urlTemplate\":\"https:\/\/mestrainfo.com.br\/site\/?s={search_term_string}\"},\"query-input\":{\"@type\":\"PropertyValueSpecification\",\"valueRequired\":true,\"valueName\":\"search_term_string\"}}],\"inLanguage\":\"pt-BR\"},{\"@type\":\"Organization\",\"@id\":\"https:\/\/mestrainfo.com.br\/site\/#organization\",\"name\":\"Mestra Inform\u00e1tica e Tecnologia\",\"url\":\"https:\/\/mestrainfo.com.br\/site\/\",\"logo\":{\"@type\":\"ImageObject\",\"inLanguage\":\"pt-BR\",\"@id\":\"https:\/\/mestrainfo.com.br\/site\/#\/schema\/logo\/image\/\",\"url\":\"http:\/\/www.mestrainfo.com.br\/site\/wp-content\/uploads\/2016\/12\/logo-mestra-04.png\",\"contentUrl\":\"http:\/\/www.mestrainfo.com.br\/site\/wp-content\/uploads\/2016\/12\/logo-mestra-04.png\",\"width\":324,\"height\":200,\"caption\":\"Mestra Inform\u00e1tica e Tecnologia\"},\"image\":{\"@id\":\"https:\/\/mestrainfo.com.br\/site\/#\/schema\/logo\/image\/\"}}]}<\/script>\r\n<!-- \/ Yoast SEO plugin. -->","yoast_head_json":{"title":"Desenvolvimento e Manuten\u00e7\u00e3o de Sistemas - Mestra Inform\u00e1tica e Tecnologia","robots":{"index":"index","follow":"follow","max-snippet":"max-snippet:-1","max-image-preview":"max-image-preview:large","max-video-preview":"max-video-preview:-1"},"canonical":"https:\/\/mestrainfo.com.br\/site\/servicos\/desenvolvimento-e-manutencao-de-sistemas\/","og_locale":"pt_BR","og_type":"article","og_title":"Desenvolvimento e Manuten\u00e7\u00e3o de Sistemas - Mestra Inform\u00e1tica e Tecnologia","og_description":"[vc_row row_type=&#8221;row&#8221; use_row_as_full_screen_section=&#8221;no&#8221; type=&#8221;full_width&#8221; text_align=&#8221;left&#8221; background_color=&#8221;#f5f5f5&#8243; padding_top=&#8221;10&#8243; padding_bottom=&#8221;10&#8243; css_animation=&#8221;&#8221;][vc_column][vc_column_text]Atrav\u00e9s de metodologia pr\u00f3pria, oferecemos servi\u00e7os capazes de resolver, parcial ou totalmente, atividades relacionadas ao ciclo de vida de sistemas informatizados, como: ger\u00eancia de projeto, levantamento de necessidades, an\u00e1lise, defini\u00e7\u00e3o dos requisitos da arquitetura de sistemas (hardware...","og_url":"https:\/\/mestrainfo.com.br\/site\/servicos\/desenvolvimento-e-manutencao-de-sistemas\/","og_site_name":"Mestra Inform\u00e1tica e Tecnologia","article_modified_time":"2016-12-16T12:47:30+00:00","twitter_card":"summary_large_image","twitter_misc":{"Est. tempo de leitura":"1 minuto"},"schema":{"@context":"https:\/\/schema.org","@graph":[{"@type":"WebPage","@id":"https:\/\/mestrainfo.com.br\/site\/servicos\/desenvolvimento-e-manutencao-de-sistemas\/","url":"https:\/\/mestrainfo.com.br\/site\/servicos\/desenvolvimento-e-manutencao-de-sistemas\/","name":"Desenvolvimento e Manuten\u00e7\u00e3o de Sistemas - Mestra Inform\u00e1tica e Tecnologia","isPartOf":{"@id":"https:\/\/mestrainfo.com.br\/site\/#website"},"datePublished":"2016-06-24T18:11:58+00:00","dateModified":"2016-12-16T12:47:30+00:00","breadcrumb":{"@id":"https:\/\/mestrainfo.com.br\/site\/servicos\/desenvolvimento-e-manutencao-de-sistemas\/#breadcrumb"},"inLanguage":"pt-BR","potentialAction":[{"@type":"ReadAction","target":["https:\/\/mestrainfo.com.br\/site\/servicos\/desenvolvimento-e-manutencao-de-sistemas\/"]}]},{"@type":"BreadcrumbList","@id":"https:\/\/mestrainfo.com.br\/site\/servicos\/desenvolvimento-e-manutencao-de-sistemas\/#breadcrumb","itemListElement":[{"@type":"ListItem","position":1,"name":"In\u00edcio","item":"https:\/\/mestrainfo.com.br\/site\/"},{"@type":"ListItem","position":2,"name":"Servi\u00e7os","item":"https:\/\/mestrainfo.com.br\/site\/servicos\/"},{"@type":"ListItem","position":3,"name":"Desenvolvimento e Manuten\u00e7\u00e3o de Sistemas"}]},{"@type":"WebSite","@id":"https:\/\/mestrainfo.com.br\/site\/#website","url":"https:\/\/mestrainfo.com.br\/site\/","name":"Mestra Inform\u00e1tica e Tecnologia","description":"Consultoria, Planejamento e Desenvolvimento de Sistemas","publisher":{"@id":"https:\/\/mestrainfo.com.br\/site\/#organization"},"potentialAction":[{"@type":"SearchAction","target":{"@type":"EntryPoint","urlTemplate":"https:\/\/mestrainfo.com.br\/site\/?s={search_term_string}"},"query-input":{"@type":"PropertyValueSpecification","valueRequired":true,"valueName":"search_term_string"}}],"inLanguage":"pt-BR"},{"@type":"Organization","@id":"https:\/\/mestrainfo.com.br\/site\/#organization","name":"Mestra Inform\u00e1tica e Tecnologia","url":"https:\/\/mestrainfo.com.br\/site\/","logo":{"@type":"ImageObject","inLanguage":"pt-BR","@id":"https:\/\/mestrainfo.com.br\/site\/#\/schema\/logo\/image\/","url":"http:\/\/www.mestrainfo.com.br\/site\/wp-content\/uploads\/2016\/12\/logo-mestra-04.png","contentUrl":"http:\/\/www.mestrainfo.com.br\/site\/wp-content\/uploads\/2016\/12\/logo-mestra-04.png","width":324,"height":200,"caption":"Mestra Inform\u00e1tica e Tecnologia"},"image":{"@id":"https:\/\/mestrainfo.com.br\/site\/#\/schema\/logo\/image\/"}}]}},"_links":{"self":[{"href":"https:\/\/mestrainfo.com.br\/site\/wp-json\/wp\/v2\/pages\/21750","targetHints":{"allow":["GET"]}}],"collection":[{"href":"https:\/\/mestrainfo.com.br\/site\/wp-json\/wp\/v2\/pages"}],"about":[{"href":"https:\/\/mestrainfo.com.br\/site\/wp-json\/wp\/v2\/types\/page"}],"author":[{"embeddable":true,"href":"https:\/\/mestrainfo.com.br\/site\/wp-json\/wp\/v2\/users\/1"}],"replies":[{"embeddable":true,"href":"https:\/\/mestrainfo.com.br\/site\/wp-json\/wp\/v2\/comments?post=21750"}],"version-history":[{"count":2,"href":"https:\/\/mestrainfo.com.br\/site\/wp-json\/wp\/v2\/pages\/21750\/revisions"}],"predecessor-version":[{"id":21953,"href":"https:\/\/mestrainfo.com.br\/site\/wp-json\/wp\/v2\/pages\/21750\/revisions\/21953"}],"up":[{"embeddable":true,"href":"https:\/\/mestrainfo.com.br\/site\/wp-json\/wp\/v2\/pages\/21439"}],"wp:attachment":[{"href":"https:\/\/mestrainfo.com.br\/site\/wp-json\/wp\/v2\/media?parent=21750"}],"curies":[{"name":"wp","href":"https:\/\/api.w.org\/{rel}","templated":true}]}}