{"id":21744,"date":"2016-06-23T21:55:58","date_gmt":"2016-06-23T21:55:58","guid":{"rendered":"https:\/\/mestrainfo.com.br\/site\/?page_id=21744"},"modified":"2016-12-16T10:36:59","modified_gmt":"2016-12-16T12:36:59","slug":"missao-visao-principios-e-valores","status":"publish","type":"page","link":"https:\/\/mestrainfo.com.br\/site\/empresa\/missao-visao-principios-e-valores\/","title":{"rendered":"Miss\u00e3o, Vis\u00e3o, Princ\u00edpios e Valores"},"content":{"rendered":"<p>[vc_row row_type=&#8221;row&#8221; use_row_as_full_screen_section=&#8221;no&#8221; type=&#8221;full_width&#8221; text_align=&#8221;left&#8221; background_color=&#8221;#f5f5f5&#8243; padding_top=&#8221;10&#8243; padding_bottom=&#8221;10&#8243; css_animation=&#8221;&#8221;][vc_column][vc_column_text]<\/p>\n<h6>Miss\u00e3o<\/h6>\n<p>Prover os seus clientes com sistemas de informa\u00e7\u00f5es integrados, implementados em tecnologia de ponta e totalmente aderentes as necessidades funcionais de cada empresa, prestando servi\u00e7os de suporte e manuten\u00e7\u00e3o de alto n\u00edvel profissional, atrav\u00e9s de uma equipe de colaboradores que \u00e9 constantemente motivada por valoriza\u00e7\u00e3o ao tempo efetivo na empresa, conhecimento de neg\u00f3cio e tecnol\u00f3gico, criatividade e dedica\u00e7\u00e3o.<\/p>\n<p>&nbsp;<\/p>\n<h6>Vis\u00e3o<\/h6>\n<p>A Mestra deve estar constantemente capacitada nas tecnologias de ponta e no conhecimento dos neg\u00f3cios de seus clientes. O sucesso dos projetos \u00e9 alcan\u00e7ado quando \u00e9 agregado valor aos neg\u00f3cios do cliente.<\/p>\n<p>&nbsp;<\/p>\n<h6>Princ\u00edpios e Valores<\/h6>\n<p>N\u00e3o s\u00e3o medidos esfor\u00e7os para o atendimento aos clientes, suas requisi\u00e7\u00e3o s\u00e3o oportunidades de conquista de confian\u00e7a e manuten\u00e7\u00e3o do relacionamento de parceria.[\/vc_column_text][\/vc_column][\/vc_row][vc_row row_type=&#8221;row&#8221; use_row_as_full_screen_section=&#8221;no&#8221; type=&#8221;full_width&#8221; text_align=&#8221;left&#8221; css_animation=&#8221;&#8221;][vc_column][vc_empty_space height=&#8221;50px&#8221;][\/vc_column][\/vc_row]<\/p>\n","protected":false},"excerpt":{"rendered":"<p>[vc_row row_type=&#8221;row&#8221; use_row_as_full_screen_section=&#8221;no&#8221; type=&#8221;full_width&#8221; text_align=&#8221;left&#8221; background_color=&#8221;#f5f5f5&#8243; padding_top=&#8221;10&#8243; padding_bottom=&#8221;10&#8243; css_animation=&#8221;&#8221;][vc_column][vc_column_text] Miss\u00e3o Prover os seus clientes com sistemas de informa\u00e7\u00f5es integrados, implementados em tecnologia de ponta e totalmente aderentes as necessidades funcionais de cada empresa, prestando servi\u00e7os de suporte e manuten\u00e7\u00e3o de alto n\u00edvel profissional, atrav\u00e9s de&#8230;<\/p>\n","protected":false},"author":1,"featured_media":0,"parent":21433,"menu_order":0,"comment_status":"open","ping_status":"open","template":"","meta":{"_monsterinsights_skip_tracking":false,"_monsterinsights_sitenote_active":false,"_monsterinsights_sitenote_note":"","_monsterinsights_sitenote_category":0,"footnotes":""},"class_list":["post-21744","page","type-page","status-publish","hentry"],"yoast_head":"<!-- This site is optimized with the Yoast SEO plugin v25.5 - https:\/\/yoast.com\/wordpress\/plugins\/seo\/ -->\r\n<title>Miss\u00e3o, Vis\u00e3o, Princ\u00edpios e Valores - Mestra Inform\u00e1tica e Tecnologia<\/title>\r\n<meta name=\"robots\" content=\"index, follow, max-snippet:-1, max-image-preview:large, max-video-preview:-1\" \/>\r\n<link rel=\"canonical\" href=\"https:\/\/mestrainfo.com.br\/site\/empresa\/missao-visao-principios-e-valores\/\" \/>\r\n<meta property=\"og:locale\" content=\"pt_BR\" \/>\r\n<meta property=\"og:type\" content=\"article\" \/>\r\n<meta property=\"og:title\" content=\"Miss\u00e3o, Vis\u00e3o, Princ\u00edpios e Valores - Mestra Inform\u00e1tica e Tecnologia\" \/>\r\n<meta property=\"og:description\" content=\"[vc_row row_type=&#8221;row&#8221; use_row_as_full_screen_section=&#8221;no&#8221; type=&#8221;full_width&#8221; text_align=&#8221;left&#8221; background_color=&#8221;#f5f5f5&#8243; padding_top=&#8221;10&#8243; padding_bottom=&#8221;10&#8243; css_animation=&#8221;&#8221;][vc_column][vc_column_text] Miss\u00e3o Prover os seus clientes com sistemas de informa\u00e7\u00f5es integrados, implementados em tecnologia de ponta e totalmente aderentes as necessidades funcionais de cada empresa, prestando servi\u00e7os de suporte e manuten\u00e7\u00e3o de alto n\u00edvel profissional, atrav\u00e9s de...\" \/>\r\n<meta property=\"og:url\" content=\"https:\/\/mestrainfo.com.br\/site\/empresa\/missao-visao-principios-e-valores\/\" \/>\r\n<meta property=\"og:site_name\" content=\"Mestra Inform\u00e1tica e Tecnologia\" \/>\r\n<meta property=\"article:modified_time\" content=\"2016-12-16T12:36:59+00:00\" \/>\r\n<meta name=\"twitter:card\" content=\"summary_large_image\" \/>\r\n<meta name=\"twitter:label1\" content=\"Est. tempo de leitura\" \/>\n\t<meta name=\"twitter:data1\" content=\"1 minuto\" \/>\r\n<script type=\"application\/ld+json\" class=\"yoast-schema-graph\">{\"@context\":\"https:\/\/schema.org\",\"@graph\":[{\"@type\":\"WebPage\",\"@id\":\"https:\/\/mestrainfo.com.br\/site\/empresa\/missao-visao-principios-e-valores\/\",\"url\":\"https:\/\/mestrainfo.com.br\/site\/empresa\/missao-visao-principios-e-valores\/\",\"name\":\"Miss\u00e3o, Vis\u00e3o, Princ\u00edpios e Valores - Mestra Inform\u00e1tica e Tecnologia\",\"isPartOf\":{\"@id\":\"https:\/\/mestrainfo.com.br\/site\/#website\"},\"datePublished\":\"2016-06-23T21:55:58+00:00\",\"dateModified\":\"2016-12-16T12:36:59+00:00\",\"breadcrumb\":{\"@id\":\"https:\/\/mestrainfo.com.br\/site\/empresa\/missao-visao-principios-e-valores\/#breadcrumb\"},\"inLanguage\":\"pt-BR\",\"potentialAction\":[{\"@type\":\"ReadAction\",\"target\":[\"https:\/\/mestrainfo.com.br\/site\/empresa\/missao-visao-principios-e-valores\/\"]}]},{\"@type\":\"BreadcrumbList\",\"@id\":\"https:\/\/mestrainfo.com.br\/site\/empresa\/missao-visao-principios-e-valores\/#breadcrumb\",\"itemListElement\":[{\"@type\":\"ListItem\",\"position\":1,\"name\":\"In\u00edcio\",\"item\":\"https:\/\/mestrainfo.com.br\/site\/\"},{\"@type\":\"ListItem\",\"position\":2,\"name\":\"Empresa\",\"item\":\"https:\/\/mestrainfo.com.br\/site\/empresa\/\"},{\"@type\":\"ListItem\",\"position\":3,\"name\":\"Miss\u00e3o, Vis\u00e3o, Princ\u00edpios e Valores\"}]},{\"@type\":\"WebSite\",\"@id\":\"https:\/\/mestrainfo.com.br\/site\/#website\",\"url\":\"https:\/\/mestrainfo.com.br\/site\/\",\"name\":\"Mestra Inform\u00e1tica e Tecnologia\",\"description\":\"Consultoria, Planejamento e Desenvolvimento de Sistemas\",\"publisher\":{\"@id\":\"https:\/\/mestrainfo.com.br\/site\/#organization\"},\"potentialAction\":[{\"@type\":\"SearchAction\",\"target\":{\"@type\":\"EntryPoint\",\"urlTemplate\":\"https:\/\/mestrainfo.com.br\/site\/?s={search_term_string}\"},\"query-input\":{\"@type\":\"PropertyValueSpecification\",\"valueRequired\":true,\"valueName\":\"search_term_string\"}}],\"inLanguage\":\"pt-BR\"},{\"@type\":\"Organization\",\"@id\":\"https:\/\/mestrainfo.com.br\/site\/#organization\",\"name\":\"Mestra Inform\u00e1tica e Tecnologia\",\"url\":\"https:\/\/mestrainfo.com.br\/site\/\",\"logo\":{\"@type\":\"ImageObject\",\"inLanguage\":\"pt-BR\",\"@id\":\"https:\/\/mestrainfo.com.br\/site\/#\/schema\/logo\/image\/\",\"url\":\"http:\/\/www.mestrainfo.com.br\/site\/wp-content\/uploads\/2016\/12\/logo-mestra-04.png\",\"contentUrl\":\"http:\/\/www.mestrainfo.com.br\/site\/wp-content\/uploads\/2016\/12\/logo-mestra-04.png\",\"width\":324,\"height\":200,\"caption\":\"Mestra Inform\u00e1tica e Tecnologia\"},\"image\":{\"@id\":\"https:\/\/mestrainfo.com.br\/site\/#\/schema\/logo\/image\/\"}}]}<\/script>\r\n<!-- \/ Yoast SEO plugin. -->","yoast_head_json":{"title":"Miss\u00e3o, Vis\u00e3o, Princ\u00edpios e Valores - Mestra Inform\u00e1tica e Tecnologia","robots":{"index":"index","follow":"follow","max-snippet":"max-snippet:-1","max-image-preview":"max-image-preview:large","max-video-preview":"max-video-preview:-1"},"canonical":"https:\/\/mestrainfo.com.br\/site\/empresa\/missao-visao-principios-e-valores\/","og_locale":"pt_BR","og_type":"article","og_title":"Miss\u00e3o, Vis\u00e3o, Princ\u00edpios e Valores - Mestra Inform\u00e1tica e Tecnologia","og_description":"[vc_row row_type=&#8221;row&#8221; use_row_as_full_screen_section=&#8221;no&#8221; type=&#8221;full_width&#8221; text_align=&#8221;left&#8221; background_color=&#8221;#f5f5f5&#8243; padding_top=&#8221;10&#8243; padding_bottom=&#8221;10&#8243; css_animation=&#8221;&#8221;][vc_column][vc_column_text] Miss\u00e3o Prover os seus clientes com sistemas de informa\u00e7\u00f5es integrados, implementados em tecnologia de ponta e totalmente aderentes as necessidades funcionais de cada empresa, prestando servi\u00e7os de suporte e manuten\u00e7\u00e3o de alto n\u00edvel profissional, atrav\u00e9s de...","og_url":"https:\/\/mestrainfo.com.br\/site\/empresa\/missao-visao-principios-e-valores\/","og_site_name":"Mestra Inform\u00e1tica e Tecnologia","article_modified_time":"2016-12-16T12:36:59+00:00","twitter_card":"summary_large_image","twitter_misc":{"Est. tempo de leitura":"1 minuto"},"schema":{"@context":"https:\/\/schema.org","@graph":[{"@type":"WebPage","@id":"https:\/\/mestrainfo.com.br\/site\/empresa\/missao-visao-principios-e-valores\/","url":"https:\/\/mestrainfo.com.br\/site\/empresa\/missao-visao-principios-e-valores\/","name":"Miss\u00e3o, Vis\u00e3o, Princ\u00edpios e Valores - Mestra Inform\u00e1tica e Tecnologia","isPartOf":{"@id":"https:\/\/mestrainfo.com.br\/site\/#website"},"datePublished":"2016-06-23T21:55:58+00:00","dateModified":"2016-12-16T12:36:59+00:00","breadcrumb":{"@id":"https:\/\/mestrainfo.com.br\/site\/empresa\/missao-visao-principios-e-valores\/#breadcrumb"},"inLanguage":"pt-BR","potentialAction":[{"@type":"ReadAction","target":["https:\/\/mestrainfo.com.br\/site\/empresa\/missao-visao-principios-e-valores\/"]}]},{"@type":"BreadcrumbList","@id":"https:\/\/mestrainfo.com.br\/site\/empresa\/missao-visao-principios-e-valores\/#breadcrumb","itemListElement":[{"@type":"ListItem","position":1,"name":"In\u00edcio","item":"https:\/\/mestrainfo.com.br\/site\/"},{"@type":"ListItem","position":2,"name":"Empresa","item":"https:\/\/mestrainfo.com.br\/site\/empresa\/"},{"@type":"ListItem","position":3,"name":"Miss\u00e3o, Vis\u00e3o, Princ\u00edpios e Valores"}]},{"@type":"WebSite","@id":"https:\/\/mestrainfo.com.br\/site\/#website","url":"https:\/\/mestrainfo.com.br\/site\/","name":"Mestra Inform\u00e1tica e Tecnologia","description":"Consultoria, Planejamento e Desenvolvimento de Sistemas","publisher":{"@id":"https:\/\/mestrainfo.com.br\/site\/#organization"},"potentialAction":[{"@type":"SearchAction","target":{"@type":"EntryPoint","urlTemplate":"https:\/\/mestrainfo.com.br\/site\/?s={search_term_string}"},"query-input":{"@type":"PropertyValueSpecification","valueRequired":true,"valueName":"search_term_string"}}],"inLanguage":"pt-BR"},{"@type":"Organization","@id":"https:\/\/mestrainfo.com.br\/site\/#organization","name":"Mestra Inform\u00e1tica e Tecnologia","url":"https:\/\/mestrainfo.com.br\/site\/","logo":{"@type":"ImageObject","inLanguage":"pt-BR","@id":"https:\/\/mestrainfo.com.br\/site\/#\/schema\/logo\/image\/","url":"http:\/\/www.mestrainfo.com.br\/site\/wp-content\/uploads\/2016\/12\/logo-mestra-04.png","contentUrl":"http:\/\/www.mestrainfo.com.br\/site\/wp-content\/uploads\/2016\/12\/logo-mestra-04.png","width":324,"height":200,"caption":"Mestra Inform\u00e1tica e Tecnologia"},"image":{"@id":"https:\/\/mestrainfo.com.br\/site\/#\/schema\/logo\/image\/"}}]}},"_links":{"self":[{"href":"https:\/\/mestrainfo.com.br\/site\/wp-json\/wp\/v2\/pages\/21744","targetHints":{"allow":["GET"]}}],"collection":[{"href":"https:\/\/mestrainfo.com.br\/site\/wp-json\/wp\/v2\/pages"}],"about":[{"href":"https:\/\/mestrainfo.com.br\/site\/wp-json\/wp\/v2\/types\/page"}],"author":[{"embeddable":true,"href":"https:\/\/mestrainfo.com.br\/site\/wp-json\/wp\/v2\/users\/1"}],"replies":[{"embeddable":true,"href":"https:\/\/mestrainfo.com.br\/site\/wp-json\/wp\/v2\/comments?post=21744"}],"version-history":[{"count":2,"href":"https:\/\/mestrainfo.com.br\/site\/wp-json\/wp\/v2\/pages\/21744\/revisions"}],"predecessor-version":[{"id":21948,"href":"https:\/\/mestrainfo.com.br\/site\/wp-json\/wp\/v2\/pages\/21744\/revisions\/21948"}],"up":[{"embeddable":true,"href":"https:\/\/mestrainfo.com.br\/site\/wp-json\/wp\/v2\/pages\/21433"}],"wp:attachment":[{"href":"https:\/\/mestrainfo.com.br\/site\/wp-json\/wp\/v2\/media?parent=21744"}],"curies":[{"name":"wp","href":"https:\/\/api.w.org\/{rel}","templated":true}]}}