{"id":21578,"date":"2016-06-10T14:45:26","date_gmt":"2016-06-10T14:45:26","guid":{"rendered":"https:\/\/mestrainfo.com.br\/site\/?page_id=21578"},"modified":"2016-12-15T15:22:43","modified_gmt":"2016-12-15T17:22:43","slug":"report-manager","status":"publish","type":"page","link":"https:\/\/mestrainfo.com.br\/site\/produtos\/report-manager\/","title":{"rendered":"Report Manager"},"content":{"rendered":"<p>[vc_row row_type=&#8221;row&#8221; use_row_as_full_screen_section=&#8221;no&#8221; type=&#8221;full_width&#8221; text_align=&#8221;left&#8221; css_animation=&#8221;&#8221;][vc_column][vc_row_inner row_type=&#8221;row&#8221; type=&#8221;full_width&#8221; use_row_as_full_screen_section_slide=&#8221;no&#8221; text_align=&#8221;left&#8221; padding_top=&#8221;50&#8243; padding_bottom=&#8221;50&#8243; css_animation=&#8221;&#8221;][vc_column_inner width=&#8221;1\/4&#8243;][vc_single_image image=&#8221;21579&#8243; img_size=&#8221;110&#215;43&#8243; alignment=&#8221;center&#8221; qode_css_animation=&#8221;&#8221;][\/vc_column_inner][vc_column_inner width=&#8221;3\/4&#8243;][vc_column_text css=&#8221;.vc_custom_1465573063874{padding-top: 6px !important;}&#8221;]<\/p>\n<h6>Report Manager<\/h6>\n<p>Extra\u00e7\u00e3o de dados \u00e0 partir de comandos e estrutura de armazenamentos informados pelos usu\u00e1rios atrav\u00e9s de conhecimento da base de dados do SysPrev. Suas principais funcionalidades:[\/vc_column_text][\/vc_column_inner][\/vc_row_inner][vc_row_inner row_type=&#8221;row&#8221; type=&#8221;full_width&#8221; use_row_as_full_screen_section_slide=&#8221;no&#8221; text_align=&#8221;left&#8221; background_color=&#8221;#f5f5f5&#8243; border_color=&#8221;#141945&#8243; side_padding=&#8221;50&#8243; padding_top=&#8221;50&#8243; padding_bottom=&#8221;50&#8243; css_animation=&#8221;&#8221;][vc_column_inner][vc_column_text]<\/p>\n<ul>\n<li>Comandos de recupera\u00e7\u00e3o de dados;<\/li>\n<li>Formata\u00e7\u00e3o de cabe\u00e7alho e rodap\u00e9;<\/li>\n<li>Formata\u00e7\u00e3o de colunas e linhas de relat\u00f3rios;<\/li>\n<li>Totalizadores de colunas.<\/li>\n<\/ul>\n<p>[\/vc_column_text][\/vc_column_inner][\/vc_row_inner][\/vc_column][\/vc_row][vc_row row_type=&#8221;row&#8221; use_row_as_full_screen_section=&#8221;no&#8221; type=&#8221;full_width&#8221; text_align=&#8221;left&#8221; css_animation=&#8221;&#8221;][vc_column][vc_row_inner row_type=&#8221;row&#8221; type=&#8221;full_width&#8221; use_row_as_full_screen_section_slide=&#8221;no&#8221; text_align=&#8221;center&#8221; background_color=&#8221;#ffffff&#8221; css_animation=&#8221;&#8221;][vc_column_inner][vc_empty_space height=&#8221;50px&#8221;]<a href=\"..\/produtos\/\" target=\"_self\"  class=\"qbutton  move_icon qbutton_with_icon\" style=\"\">MAIS PRODUTOS<span class=\"button_icon  custom_icon_size q_font_elegant_icon arrow_carrot-left\" aria-hidden=\"true\" style=\"font-size: 20px;\"><\/span><\/a>[\/vc_column_inner][\/vc_row_inner][\/vc_column][\/vc_row][vc_row row_type=&#8221;row&#8221; use_row_as_full_screen_section=&#8221;no&#8221; type=&#8221;full_width&#8221; text_align=&#8221;left&#8221; css_animation=&#8221;&#8221;][vc_column][vc_empty_space height=&#8221;100px&#8221;][\/vc_column][\/vc_row]<\/p>\n","protected":false},"excerpt":{"rendered":"<p>[vc_row row_type=&#8221;row&#8221; use_row_as_full_screen_section=&#8221;no&#8221; type=&#8221;full_width&#8221; text_align=&#8221;left&#8221; css_animation=&#8221;&#8221;][vc_column][vc_row_inner row_type=&#8221;row&#8221; type=&#8221;full_width&#8221; use_row_as_full_screen_section_slide=&#8221;no&#8221; text_align=&#8221;left&#8221; padding_top=&#8221;50&#8243; padding_bottom=&#8221;50&#8243; css_animation=&#8221;&#8221;][vc_column_inner width=&#8221;1\/4&#8243;][vc_single_image image=&#8221;21579&#8243; img_size=&#8221;110&#215;43&#8243; alignment=&#8221;center&#8221; qode_css_animation=&#8221;&#8221;][\/vc_column_inner][vc_column_inner width=&#8221;3\/4&#8243;][vc_column_text css=&#8221;.vc_custom_1465573063874{padding-top: 6px !important;}&#8221;] Report Manager Extra\u00e7\u00e3o de dados \u00e0 partir de comandos e estrutura de armazenamentos informados pelos usu\u00e1rios atrav\u00e9s de conhecimento da base de dados&#8230;<\/p>\n","protected":false},"author":1,"featured_media":0,"parent":21442,"menu_order":0,"comment_status":"open","ping_status":"open","template":"","meta":{"_monsterinsights_skip_tracking":false,"_monsterinsights_sitenote_active":false,"_monsterinsights_sitenote_note":"","_monsterinsights_sitenote_category":0,"footnotes":""},"class_list":["post-21578","page","type-page","status-publish","hentry"],"yoast_head":"<!-- This site is optimized with the Yoast SEO plugin v25.5 - https:\/\/yoast.com\/wordpress\/plugins\/seo\/ -->\r\n<title>Report Manager - Mestra Inform\u00e1tica e Tecnologia<\/title>\r\n<meta name=\"robots\" content=\"index, follow, max-snippet:-1, max-image-preview:large, max-video-preview:-1\" \/>\r\n<link rel=\"canonical\" href=\"https:\/\/mestrainfo.com.br\/site\/produtos\/report-manager\/\" \/>\r\n<meta property=\"og:locale\" content=\"pt_BR\" \/>\r\n<meta property=\"og:type\" content=\"article\" \/>\r\n<meta property=\"og:title\" content=\"Report Manager - Mestra Inform\u00e1tica e Tecnologia\" \/>\r\n<meta property=\"og:description\" content=\"[vc_row row_type=&#8221;row&#8221; use_row_as_full_screen_section=&#8221;no&#8221; type=&#8221;full_width&#8221; text_align=&#8221;left&#8221; css_animation=&#8221;&#8221;][vc_column][vc_row_inner row_type=&#8221;row&#8221; type=&#8221;full_width&#8221; use_row_as_full_screen_section_slide=&#8221;no&#8221; text_align=&#8221;left&#8221; padding_top=&#8221;50&#8243; padding_bottom=&#8221;50&#8243; css_animation=&#8221;&#8221;][vc_column_inner width=&#8221;1\/4&#8243;][vc_single_image image=&#8221;21579&#8243; img_size=&#8221;110&#215;43&#8243; alignment=&#8221;center&#8221; qode_css_animation=&#8221;&#8221;][\/vc_column_inner][vc_column_inner width=&#8221;3\/4&#8243;][vc_column_text css=&#8221;.vc_custom_1465573063874{padding-top: 6px !important;}&#8221;] Report Manager Extra\u00e7\u00e3o de dados \u00e0 partir de comandos e estrutura de armazenamentos informados pelos usu\u00e1rios atrav\u00e9s de conhecimento da base de dados...\" \/>\r\n<meta property=\"og:url\" content=\"https:\/\/mestrainfo.com.br\/site\/produtos\/report-manager\/\" \/>\r\n<meta property=\"og:site_name\" content=\"Mestra Inform\u00e1tica e Tecnologia\" \/>\r\n<meta property=\"article:modified_time\" content=\"2016-12-15T17:22:43+00:00\" \/>\r\n<meta name=\"twitter:card\" content=\"summary_large_image\" \/>\r\n<meta name=\"twitter:label1\" content=\"Est. tempo de leitura\" \/>\n\t<meta name=\"twitter:data1\" content=\"2 minutos\" \/>\r\n<script type=\"application\/ld+json\" class=\"yoast-schema-graph\">{\"@context\":\"https:\/\/schema.org\",\"@graph\":[{\"@type\":\"WebPage\",\"@id\":\"https:\/\/mestrainfo.com.br\/site\/produtos\/report-manager\/\",\"url\":\"https:\/\/mestrainfo.com.br\/site\/produtos\/report-manager\/\",\"name\":\"Report Manager - Mestra Inform\u00e1tica e Tecnologia\",\"isPartOf\":{\"@id\":\"https:\/\/mestrainfo.com.br\/site\/#website\"},\"datePublished\":\"2016-06-10T14:45:26+00:00\",\"dateModified\":\"2016-12-15T17:22:43+00:00\",\"breadcrumb\":{\"@id\":\"https:\/\/mestrainfo.com.br\/site\/produtos\/report-manager\/#breadcrumb\"},\"inLanguage\":\"pt-BR\",\"potentialAction\":[{\"@type\":\"ReadAction\",\"target\":[\"https:\/\/mestrainfo.com.br\/site\/produtos\/report-manager\/\"]}]},{\"@type\":\"BreadcrumbList\",\"@id\":\"https:\/\/mestrainfo.com.br\/site\/produtos\/report-manager\/#breadcrumb\",\"itemListElement\":[{\"@type\":\"ListItem\",\"position\":1,\"name\":\"In\u00edcio\",\"item\":\"https:\/\/mestrainfo.com.br\/site\/\"},{\"@type\":\"ListItem\",\"position\":2,\"name\":\"Produtos\",\"item\":\"https:\/\/mestrainfo.com.br\/site\/produtos\/\"},{\"@type\":\"ListItem\",\"position\":3,\"name\":\"Report Manager\"}]},{\"@type\":\"WebSite\",\"@id\":\"https:\/\/mestrainfo.com.br\/site\/#website\",\"url\":\"https:\/\/mestrainfo.com.br\/site\/\",\"name\":\"Mestra Inform\u00e1tica e Tecnologia\",\"description\":\"Consultoria, Planejamento e Desenvolvimento de Sistemas\",\"publisher\":{\"@id\":\"https:\/\/mestrainfo.com.br\/site\/#organization\"},\"potentialAction\":[{\"@type\":\"SearchAction\",\"target\":{\"@type\":\"EntryPoint\",\"urlTemplate\":\"https:\/\/mestrainfo.com.br\/site\/?s={search_term_string}\"},\"query-input\":{\"@type\":\"PropertyValueSpecification\",\"valueRequired\":true,\"valueName\":\"search_term_string\"}}],\"inLanguage\":\"pt-BR\"},{\"@type\":\"Organization\",\"@id\":\"https:\/\/mestrainfo.com.br\/site\/#organization\",\"name\":\"Mestra Inform\u00e1tica e Tecnologia\",\"url\":\"https:\/\/mestrainfo.com.br\/site\/\",\"logo\":{\"@type\":\"ImageObject\",\"inLanguage\":\"pt-BR\",\"@id\":\"https:\/\/mestrainfo.com.br\/site\/#\/schema\/logo\/image\/\",\"url\":\"http:\/\/www.mestrainfo.com.br\/site\/wp-content\/uploads\/2016\/12\/logo-mestra-04.png\",\"contentUrl\":\"http:\/\/www.mestrainfo.com.br\/site\/wp-content\/uploads\/2016\/12\/logo-mestra-04.png\",\"width\":324,\"height\":200,\"caption\":\"Mestra Inform\u00e1tica e Tecnologia\"},\"image\":{\"@id\":\"https:\/\/mestrainfo.com.br\/site\/#\/schema\/logo\/image\/\"}}]}<\/script>\r\n<!-- \/ Yoast SEO plugin. -->","yoast_head_json":{"title":"Report Manager - Mestra Inform\u00e1tica e Tecnologia","robots":{"index":"index","follow":"follow","max-snippet":"max-snippet:-1","max-image-preview":"max-image-preview:large","max-video-preview":"max-video-preview:-1"},"canonical":"https:\/\/mestrainfo.com.br\/site\/produtos\/report-manager\/","og_locale":"pt_BR","og_type":"article","og_title":"Report Manager - Mestra Inform\u00e1tica e Tecnologia","og_description":"[vc_row row_type=&#8221;row&#8221; use_row_as_full_screen_section=&#8221;no&#8221; type=&#8221;full_width&#8221; text_align=&#8221;left&#8221; css_animation=&#8221;&#8221;][vc_column][vc_row_inner row_type=&#8221;row&#8221; type=&#8221;full_width&#8221; use_row_as_full_screen_section_slide=&#8221;no&#8221; text_align=&#8221;left&#8221; padding_top=&#8221;50&#8243; padding_bottom=&#8221;50&#8243; css_animation=&#8221;&#8221;][vc_column_inner width=&#8221;1\/4&#8243;][vc_single_image image=&#8221;21579&#8243; img_size=&#8221;110&#215;43&#8243; alignment=&#8221;center&#8221; qode_css_animation=&#8221;&#8221;][\/vc_column_inner][vc_column_inner width=&#8221;3\/4&#8243;][vc_column_text css=&#8221;.vc_custom_1465573063874{padding-top: 6px !important;}&#8221;] Report Manager Extra\u00e7\u00e3o de dados \u00e0 partir de comandos e estrutura de armazenamentos informados pelos usu\u00e1rios atrav\u00e9s de conhecimento da base de dados...","og_url":"https:\/\/mestrainfo.com.br\/site\/produtos\/report-manager\/","og_site_name":"Mestra Inform\u00e1tica e Tecnologia","article_modified_time":"2016-12-15T17:22:43+00:00","twitter_card":"summary_large_image","twitter_misc":{"Est. tempo de leitura":"2 minutos"},"schema":{"@context":"https:\/\/schema.org","@graph":[{"@type":"WebPage","@id":"https:\/\/mestrainfo.com.br\/site\/produtos\/report-manager\/","url":"https:\/\/mestrainfo.com.br\/site\/produtos\/report-manager\/","name":"Report Manager - Mestra Inform\u00e1tica e Tecnologia","isPartOf":{"@id":"https:\/\/mestrainfo.com.br\/site\/#website"},"datePublished":"2016-06-10T14:45:26+00:00","dateModified":"2016-12-15T17:22:43+00:00","breadcrumb":{"@id":"https:\/\/mestrainfo.com.br\/site\/produtos\/report-manager\/#breadcrumb"},"inLanguage":"pt-BR","potentialAction":[{"@type":"ReadAction","target":["https:\/\/mestrainfo.com.br\/site\/produtos\/report-manager\/"]}]},{"@type":"BreadcrumbList","@id":"https:\/\/mestrainfo.com.br\/site\/produtos\/report-manager\/#breadcrumb","itemListElement":[{"@type":"ListItem","position":1,"name":"In\u00edcio","item":"https:\/\/mestrainfo.com.br\/site\/"},{"@type":"ListItem","position":2,"name":"Produtos","item":"https:\/\/mestrainfo.com.br\/site\/produtos\/"},{"@type":"ListItem","position":3,"name":"Report Manager"}]},{"@type":"WebSite","@id":"https:\/\/mestrainfo.com.br\/site\/#website","url":"https:\/\/mestrainfo.com.br\/site\/","name":"Mestra Inform\u00e1tica e Tecnologia","description":"Consultoria, Planejamento e Desenvolvimento de Sistemas","publisher":{"@id":"https:\/\/mestrainfo.com.br\/site\/#organization"},"potentialAction":[{"@type":"SearchAction","target":{"@type":"EntryPoint","urlTemplate":"https:\/\/mestrainfo.com.br\/site\/?s={search_term_string}"},"query-input":{"@type":"PropertyValueSpecification","valueRequired":true,"valueName":"search_term_string"}}],"inLanguage":"pt-BR"},{"@type":"Organization","@id":"https:\/\/mestrainfo.com.br\/site\/#organization","name":"Mestra Inform\u00e1tica e Tecnologia","url":"https:\/\/mestrainfo.com.br\/site\/","logo":{"@type":"ImageObject","inLanguage":"pt-BR","@id":"https:\/\/mestrainfo.com.br\/site\/#\/schema\/logo\/image\/","url":"http:\/\/www.mestrainfo.com.br\/site\/wp-content\/uploads\/2016\/12\/logo-mestra-04.png","contentUrl":"http:\/\/www.mestrainfo.com.br\/site\/wp-content\/uploads\/2016\/12\/logo-mestra-04.png","width":324,"height":200,"caption":"Mestra Inform\u00e1tica e Tecnologia"},"image":{"@id":"https:\/\/mestrainfo.com.br\/site\/#\/schema\/logo\/image\/"}}]}},"_links":{"self":[{"href":"https:\/\/mestrainfo.com.br\/site\/wp-json\/wp\/v2\/pages\/21578","targetHints":{"allow":["GET"]}}],"collection":[{"href":"https:\/\/mestrainfo.com.br\/site\/wp-json\/wp\/v2\/pages"}],"about":[{"href":"https:\/\/mestrainfo.com.br\/site\/wp-json\/wp\/v2\/types\/page"}],"author":[{"embeddable":true,"href":"https:\/\/mestrainfo.com.br\/site\/wp-json\/wp\/v2\/users\/1"}],"replies":[{"embeddable":true,"href":"https:\/\/mestrainfo.com.br\/site\/wp-json\/wp\/v2\/comments?post=21578"}],"version-history":[{"count":1,"href":"https:\/\/mestrainfo.com.br\/site\/wp-json\/wp\/v2\/pages\/21578\/revisions"}],"predecessor-version":[{"id":21872,"href":"https:\/\/mestrainfo.com.br\/site\/wp-json\/wp\/v2\/pages\/21578\/revisions\/21872"}],"up":[{"embeddable":true,"href":"https:\/\/mestrainfo.com.br\/site\/wp-json\/wp\/v2\/pages\/21442"}],"wp:attachment":[{"href":"https:\/\/mestrainfo.com.br\/site\/wp-json\/wp\/v2\/media?parent=21578"}],"curies":[{"name":"wp","href":"https:\/\/api.w.org\/{rel}","templated":true}]}}