{"id":21442,"date":"2016-05-25T21:03:34","date_gmt":"2016-05-25T21:03:34","guid":{"rendered":"https:\/\/mestrainfo.com.br\/site\/?page_id=21442"},"modified":"2021-01-28T18:57:08","modified_gmt":"2021-01-28T20:57:08","slug":"produtos","status":"publish","type":"page","link":"https:\/\/mestrainfo.com.br\/site\/produtos\/","title":{"rendered":"Produtos"},"content":{"rendered":"<p>[vc_row row_type=&#8221;row&#8221; use_row_as_full_screen_section=&#8221;no&#8221; type=&#8221;full_width&#8221; text_align=&#8221;left&#8221; css_animation=&#8221;&#8221;][vc_column][vc_column_text]Nossos produtos foram desenvolvidos em parceria com empresas atuantes no segmento de neg\u00f3cios.<\/p>\n<p>Os sistemas, por sua vez, representam o que h\u00e1 de melhor no mundo tecnol\u00f3gico atual.[\/vc_column_text][vc_row_inner row_type=&#8221;row&#8221; type=&#8221;full_width&#8221; use_row_as_full_screen_section_slide=&#8221;no&#8221; text_align=&#8221;left&#8221; padding_top=&#8221;50&#8243; css_animation=&#8221;&#8221;][vc_column_inner width=&#8221;1\/4&#8243;][vc_single_image image=&#8221;21448&#8243; img_size=&#8221;110&#215;43&#8243; onclick=&#8221;custom_link&#8221; qode_css_animation=&#8221;&#8221; link=&#8221;sysprev\/&#8221;][\/vc_column_inner][vc_column_inner width=&#8221;3\/4&#8243;][vc_column_text css=&#8221;.vc_custom_1481821633943{padding-top: 6px !important;}&#8221;]<\/p>\n<h6><a title=\"Sysprev\" href=\"sysprev\/\">SysPrev<\/a><\/h6>\n<p>Sistema integrado de administra\u00e7\u00e3o de Previd\u00eancia Fechada.[\/vc_column_text][\/vc_column_inner][\/vc_row_inner][vc_row_inner row_type=&#8221;row&#8221; type=&#8221;full_width&#8221; use_row_as_full_screen_section_slide=&#8221;no&#8221; text_align=&#8221;left&#8221; padding_top=&#8221;50&#8243; css_animation=&#8221;&#8221;][vc_column_inner width=&#8221;1\/4&#8243;][vc_single_image image=&#8221;21585&#8243; img_size=&#8221;110&#215;43&#8243; onclick=&#8221;custom_link&#8221; qode_css_animation=&#8221;&#8221; link=&#8221;prevmobile\/&#8221;][\/vc_column_inner][vc_column_inner width=&#8221;3\/4&#8243;][vc_column_text css=&#8221;.vc_custom_1481821763289{padding-top: 6px !important;}&#8221;]<\/p>\n<h6><a title=\"PrevMobile\" href=\"prevmobile\/\">PrevMobile<\/a><\/h6>\n<p>Acesso \u00e0s informa\u00e7\u00f5es dos Planos de Previd\u00eancia em qualquer lugar, via mobile.[\/vc_column_text][\/vc_column_inner][\/vc_row_inner][vc_row_inner row_type=&#8221;row&#8221; type=&#8221;full_width&#8221; use_row_as_full_screen_section_slide=&#8221;no&#8221; text_align=&#8221;left&#8221; padding_top=&#8221;50&#8243; css_animation=&#8221;&#8221;][vc_column_inner width=&#8221;1\/4&#8243;][vc_single_image image=&#8221;21579&#8243; img_size=&#8221;110&#215;43&#8243; onclick=&#8221;custom_link&#8221; qode_css_animation=&#8221;&#8221; link=&#8221;report-manager\/&#8221;][\/vc_column_inner][vc_column_inner width=&#8221;3\/4&#8243;][vc_column_text css=&#8221;.vc_custom_1481821688939{padding-top: 6px !important;}&#8221;]<\/p>\n<h6><a title=\"Report Manager\" href=\"report-manager\/\">Report Manager<\/a><\/h6>\n<p>Extra\u00e7\u00e3o de dados \u00e0 partir de comandos e estrutura de armazenamentos informados pelos usu\u00e1rios atrav\u00e9s de conhecimento da base de dados do Sysprev.[\/vc_column_text][\/vc_column_inner][\/vc_row_inner][vc_row_inner row_type=&#8221;row&#8221; type=&#8221;full_width&#8221; use_row_as_full_screen_section_slide=&#8221;no&#8221; text_align=&#8221;left&#8221; padding_top=&#8221;50&#8243; css_animation=&#8221;&#8221;][vc_column_inner width=&#8221;1\/4&#8243;][vc_single_image image=&#8221;21452&#8243; img_size=&#8221;110&#215;43&#8243; onclick=&#8221;custom_link&#8221; qode_css_animation=&#8221;&#8221; link=&#8221;syscall\/&#8221;][\/vc_column_inner][vc_column_inner width=&#8221;3\/4&#8243;][vc_column_text css=&#8221;.vc_custom_1481821714976{padding-top: 6px !important;}&#8221;]<\/p>\n<h6><a title=\"SysCall\" href=\"syscall\/\">SysCall<\/a><\/h6>\n<p>Sistema integrado de Central de Atendimento.[\/vc_column_text][\/vc_column_inner][\/vc_row_inner][vc_row_inner row_type=&#8221;row&#8221; type=&#8221;full_width&#8221; use_row_as_full_screen_section_slide=&#8221;no&#8221; text_align=&#8221;left&#8221; padding_top=&#8221;50&#8243; css_animation=&#8221;&#8221;][vc_column_inner width=&#8221;1\/4&#8243;][vc_single_image image=&#8221;21453&#8243; img_size=&#8221;110&#215;43&#8243; onclick=&#8221;custom_link&#8221; qode_css_animation=&#8221;&#8221; link=&#8221;medmestra\/&#8221;][\/vc_column_inner][vc_column_inner width=&#8221;3\/4&#8243;][vc_column_text css=&#8221;.vc_custom_1481821739042{padding-top: 6px !important;}&#8221;]<\/p>\n<h6><a title=\"MedMestra\" href=\"medmestra\/\">MedMestra<\/a><\/h6>\n<p>Sistema de administra\u00e7\u00e3o de Planos de Sa\u00fade.[\/vc_column_text][\/vc_column_inner][\/vc_row_inner][vc_row_inner row_type=&#8221;row&#8221; type=&#8221;full_width&#8221; use_row_as_full_screen_section_slide=&#8221;no&#8221; text_align=&#8221;left&#8221; padding_top=&#8221;50&#8243; css_animation=&#8221;&#8221;][vc_column_inner width=&#8221;1\/4&#8243;][vc_single_image image=&#8221;21454&#8243; img_size=&#8221;110&#215;43&#8243; onclick=&#8221;custom_link&#8221; qode_css_animation=&#8221;&#8221; link=&#8221;complianceprev\/&#8221;][\/vc_column_inner][vc_column_inner width=&#8221;3\/4&#8243;][vc_column_text css=&#8221;.vc_custom_1481821789082{padding-top: 6px !important;}&#8221;]<\/p>\n<h6><a title=\"CompliancePrev\" href=\"complianceprev\/\">CompliancePrev<\/a><\/h6>\n<p>Sistema de monitoramento de Obriga\u00e7\u00f5es e Riscos.[\/vc_column_text][\/vc_column_inner][\/vc_row_inner][vc_row_inner row_type=&#8221;row&#8221; type=&#8221;full_width&#8221; use_row_as_full_screen_section_slide=&#8221;no&#8221; text_align=&#8221;left&#8221; padding_top=&#8221;50&#8243; css_animation=&#8221;&#8221;][vc_column_inner width=&#8221;1\/4&#8243;][vc_single_image image=&#8221;21455&#8243; img_size=&#8221;110&#215;43&#8243; onclick=&#8221;custom_link&#8221; qode_css_animation=&#8221;&#8221; link=&#8221;connectprev\/&#8221;][\/vc_column_inner][vc_column_inner width=&#8221;3\/4&#8243;][vc_column_text css=&#8221;.vc_custom_1481830321566{padding-top: 6px !important;}&#8221;]<\/p>\n<h6><a title=\"ConnectPrev\" href=\"connectprev\/\">ConnectPrev<\/a><\/h6>\n<p>Sistema gerenciador de informa\u00e7\u00e3o conectado aos m\u00f3dulos do SysPrev.[\/vc_column_text][\/vc_column_inner][\/vc_row_inner][vc_row_inner row_type=&#8221;row&#8221; type=&#8221;full_width&#8221; use_row_as_full_screen_section_slide=&#8221;no&#8221; text_align=&#8221;left&#8221; padding_top=&#8221;50&#8243; padding_bottom=&#8221;50&#8243; css_animation=&#8221;&#8221;][vc_column_inner width=&#8221;1\/4&#8243;][vc_single_image image=&#8221;22164&#8243; img_size=&#8221;110&#215;43&#8243; onclick=&#8221;custom_link&#8221; qode_css_animation=&#8221;&#8221; link=&#8221;e-financeiro\/&#8221;][\/vc_column_inner][vc_column_inner width=&#8221;3\/4&#8243;][vc_column_text css=&#8221;.vc_custom_1481830361627{padding-top: 6px !important;}&#8221;]<\/p>\n<h6><a title=\"ConnectPrev\" href=\"e-financeiro\/\">E-Financeiro<\/a><\/h6>\n<p>Prepara\u00e7\u00e3o de dados, gera\u00e7\u00e3o de relat\u00f3rios operacionais e transmiss\u00e3o para RFB.[\/vc_column_text][\/vc_column_inner][\/vc_row_inner][\/vc_column][\/vc_row][vc_row row_type=&#8221;row&#8221; use_row_as_full_screen_section=&#8221;no&#8221; type=&#8221;full_width&#8221; text_align=&#8221;left&#8221; css_animation=&#8221;&#8221;][vc_column][vc_empty_space height=&#8221;100px&#8221;][\/vc_column][\/vc_row]<\/p>\n","protected":false},"excerpt":{"rendered":"<p>[vc_row row_type=&#8221;row&#8221; use_row_as_full_screen_section=&#8221;no&#8221; type=&#8221;full_width&#8221; text_align=&#8221;left&#8221; css_animation=&#8221;&#8221;][vc_column][vc_column_text]Nossos produtos foram desenvolvidos em parceria com empresas atuantes no segmento de neg\u00f3cios. Os sistemas, por sua vez, representam o que h\u00e1 de melhor no mundo tecnol\u00f3gico atual.[\/vc_column_text][vc_row_inner row_type=&#8221;row&#8221; type=&#8221;full_width&#8221; use_row_as_full_screen_section_slide=&#8221;no&#8221; text_align=&#8221;left&#8221; padding_top=&#8221;50&#8243; css_animation=&#8221;&#8221;][vc_column_inner width=&#8221;1\/4&#8243;][vc_single_image image=&#8221;21448&#8243; img_size=&#8221;110&#215;43&#8243; onclick=&#8221;custom_link&#8221; qode_css_animation=&#8221;&#8221; link=&#8221;sysprev\/&#8221;][\/vc_column_inner][vc_column_inner&#8230;<\/p>\n","protected":false},"author":1,"featured_media":0,"parent":0,"menu_order":0,"comment_status":"open","ping_status":"open","template":"","meta":{"_monsterinsights_skip_tracking":false,"_monsterinsights_sitenote_active":false,"_monsterinsights_sitenote_note":"","_monsterinsights_sitenote_category":0,"footnotes":""},"class_list":["post-21442","page","type-page","status-publish","hentry"],"yoast_head":"<!-- This site is optimized with the Yoast SEO plugin v25.5 - https:\/\/yoast.com\/wordpress\/plugins\/seo\/ -->\r\n<title>Produtos - Mestra Inform\u00e1tica e Tecnologia<\/title>\r\n<meta name=\"robots\" content=\"index, follow, max-snippet:-1, max-image-preview:large, max-video-preview:-1\" \/>\r\n<link rel=\"canonical\" href=\"https:\/\/mestrainfo.com.br\/site\/produtos\/\" \/>\r\n<meta property=\"og:locale\" content=\"pt_BR\" \/>\r\n<meta property=\"og:type\" content=\"article\" \/>\r\n<meta property=\"og:title\" content=\"Produtos - Mestra Inform\u00e1tica e Tecnologia\" \/>\r\n<meta property=\"og:description\" content=\"[vc_row row_type=&#8221;row&#8221; use_row_as_full_screen_section=&#8221;no&#8221; type=&#8221;full_width&#8221; text_align=&#8221;left&#8221; css_animation=&#8221;&#8221;][vc_column][vc_column_text]Nossos produtos foram desenvolvidos em parceria com empresas atuantes no segmento de neg\u00f3cios. Os sistemas, por sua vez, representam o que h\u00e1 de melhor no mundo tecnol\u00f3gico atual.[\/vc_column_text][vc_row_inner row_type=&#8221;row&#8221; type=&#8221;full_width&#8221; use_row_as_full_screen_section_slide=&#8221;no&#8221; text_align=&#8221;left&#8221; padding_top=&#8221;50&#8243; css_animation=&#8221;&#8221;][vc_column_inner width=&#8221;1\/4&#8243;][vc_single_image image=&#8221;21448&#8243; img_size=&#8221;110&#215;43&#8243; onclick=&#8221;custom_link&#8221; qode_css_animation=&#8221;&#8221; link=&#8221;sysprev\/&#8221;][\/vc_column_inner][vc_column_inner...\" \/>\r\n<meta property=\"og:url\" content=\"https:\/\/mestrainfo.com.br\/site\/produtos\/\" \/>\r\n<meta property=\"og:site_name\" content=\"Mestra Inform\u00e1tica e Tecnologia\" \/>\r\n<meta property=\"article:modified_time\" content=\"2021-01-28T20:57:08+00:00\" \/>\r\n<meta name=\"twitter:card\" content=\"summary_large_image\" \/>\r\n<meta name=\"twitter:label1\" content=\"Est. tempo de leitura\" \/>\n\t<meta name=\"twitter:data1\" content=\"4 minutos\" \/>\r\n<script type=\"application\/ld+json\" class=\"yoast-schema-graph\">{\"@context\":\"https:\/\/schema.org\",\"@graph\":[{\"@type\":\"WebPage\",\"@id\":\"https:\/\/mestrainfo.com.br\/site\/produtos\/\",\"url\":\"https:\/\/mestrainfo.com.br\/site\/produtos\/\",\"name\":\"Produtos - Mestra Inform\u00e1tica e Tecnologia\",\"isPartOf\":{\"@id\":\"https:\/\/mestrainfo.com.br\/site\/#website\"},\"datePublished\":\"2016-05-25T21:03:34+00:00\",\"dateModified\":\"2021-01-28T20:57:08+00:00\",\"breadcrumb\":{\"@id\":\"https:\/\/mestrainfo.com.br\/site\/produtos\/#breadcrumb\"},\"inLanguage\":\"pt-BR\",\"potentialAction\":[{\"@type\":\"ReadAction\",\"target\":[\"https:\/\/mestrainfo.com.br\/site\/produtos\/\"]}]},{\"@type\":\"BreadcrumbList\",\"@id\":\"https:\/\/mestrainfo.com.br\/site\/produtos\/#breadcrumb\",\"itemListElement\":[{\"@type\":\"ListItem\",\"position\":1,\"name\":\"In\u00edcio\",\"item\":\"https:\/\/mestrainfo.com.br\/site\/\"},{\"@type\":\"ListItem\",\"position\":2,\"name\":\"Produtos\"}]},{\"@type\":\"WebSite\",\"@id\":\"https:\/\/mestrainfo.com.br\/site\/#website\",\"url\":\"https:\/\/mestrainfo.com.br\/site\/\",\"name\":\"Mestra Inform\u00e1tica e Tecnologia\",\"description\":\"Consultoria, Planejamento e Desenvolvimento de Sistemas\",\"publisher\":{\"@id\":\"https:\/\/mestrainfo.com.br\/site\/#organization\"},\"potentialAction\":[{\"@type\":\"SearchAction\",\"target\":{\"@type\":\"EntryPoint\",\"urlTemplate\":\"https:\/\/mestrainfo.com.br\/site\/?s={search_term_string}\"},\"query-input\":{\"@type\":\"PropertyValueSpecification\",\"valueRequired\":true,\"valueName\":\"search_term_string\"}}],\"inLanguage\":\"pt-BR\"},{\"@type\":\"Organization\",\"@id\":\"https:\/\/mestrainfo.com.br\/site\/#organization\",\"name\":\"Mestra Inform\u00e1tica e Tecnologia\",\"url\":\"https:\/\/mestrainfo.com.br\/site\/\",\"logo\":{\"@type\":\"ImageObject\",\"inLanguage\":\"pt-BR\",\"@id\":\"https:\/\/mestrainfo.com.br\/site\/#\/schema\/logo\/image\/\",\"url\":\"http:\/\/www.mestrainfo.com.br\/site\/wp-content\/uploads\/2016\/12\/logo-mestra-04.png\",\"contentUrl\":\"http:\/\/www.mestrainfo.com.br\/site\/wp-content\/uploads\/2016\/12\/logo-mestra-04.png\",\"width\":324,\"height\":200,\"caption\":\"Mestra Inform\u00e1tica e Tecnologia\"},\"image\":{\"@id\":\"https:\/\/mestrainfo.com.br\/site\/#\/schema\/logo\/image\/\"}}]}<\/script>\r\n<!-- \/ Yoast SEO plugin. -->","yoast_head_json":{"title":"Produtos - Mestra Inform\u00e1tica e Tecnologia","robots":{"index":"index","follow":"follow","max-snippet":"max-snippet:-1","max-image-preview":"max-image-preview:large","max-video-preview":"max-video-preview:-1"},"canonical":"https:\/\/mestrainfo.com.br\/site\/produtos\/","og_locale":"pt_BR","og_type":"article","og_title":"Produtos - Mestra Inform\u00e1tica e Tecnologia","og_description":"[vc_row row_type=&#8221;row&#8221; use_row_as_full_screen_section=&#8221;no&#8221; type=&#8221;full_width&#8221; text_align=&#8221;left&#8221; css_animation=&#8221;&#8221;][vc_column][vc_column_text]Nossos produtos foram desenvolvidos em parceria com empresas atuantes no segmento de neg\u00f3cios. Os sistemas, por sua vez, representam o que h\u00e1 de melhor no mundo tecnol\u00f3gico atual.[\/vc_column_text][vc_row_inner row_type=&#8221;row&#8221; type=&#8221;full_width&#8221; use_row_as_full_screen_section_slide=&#8221;no&#8221; text_align=&#8221;left&#8221; padding_top=&#8221;50&#8243; css_animation=&#8221;&#8221;][vc_column_inner width=&#8221;1\/4&#8243;][vc_single_image image=&#8221;21448&#8243; img_size=&#8221;110&#215;43&#8243; onclick=&#8221;custom_link&#8221; qode_css_animation=&#8221;&#8221; link=&#8221;sysprev\/&#8221;][\/vc_column_inner][vc_column_inner...","og_url":"https:\/\/mestrainfo.com.br\/site\/produtos\/","og_site_name":"Mestra Inform\u00e1tica e Tecnologia","article_modified_time":"2021-01-28T20:57:08+00:00","twitter_card":"summary_large_image","twitter_misc":{"Est. tempo de leitura":"4 minutos"},"schema":{"@context":"https:\/\/schema.org","@graph":[{"@type":"WebPage","@id":"https:\/\/mestrainfo.com.br\/site\/produtos\/","url":"https:\/\/mestrainfo.com.br\/site\/produtos\/","name":"Produtos - Mestra Inform\u00e1tica e Tecnologia","isPartOf":{"@id":"https:\/\/mestrainfo.com.br\/site\/#website"},"datePublished":"2016-05-25T21:03:34+00:00","dateModified":"2021-01-28T20:57:08+00:00","breadcrumb":{"@id":"https:\/\/mestrainfo.com.br\/site\/produtos\/#breadcrumb"},"inLanguage":"pt-BR","potentialAction":[{"@type":"ReadAction","target":["https:\/\/mestrainfo.com.br\/site\/produtos\/"]}]},{"@type":"BreadcrumbList","@id":"https:\/\/mestrainfo.com.br\/site\/produtos\/#breadcrumb","itemListElement":[{"@type":"ListItem","position":1,"name":"In\u00edcio","item":"https:\/\/mestrainfo.com.br\/site\/"},{"@type":"ListItem","position":2,"name":"Produtos"}]},{"@type":"WebSite","@id":"https:\/\/mestrainfo.com.br\/site\/#website","url":"https:\/\/mestrainfo.com.br\/site\/","name":"Mestra Inform\u00e1tica e Tecnologia","description":"Consultoria, Planejamento e Desenvolvimento de Sistemas","publisher":{"@id":"https:\/\/mestrainfo.com.br\/site\/#organization"},"potentialAction":[{"@type":"SearchAction","target":{"@type":"EntryPoint","urlTemplate":"https:\/\/mestrainfo.com.br\/site\/?s={search_term_string}"},"query-input":{"@type":"PropertyValueSpecification","valueRequired":true,"valueName":"search_term_string"}}],"inLanguage":"pt-BR"},{"@type":"Organization","@id":"https:\/\/mestrainfo.com.br\/site\/#organization","name":"Mestra Inform\u00e1tica e Tecnologia","url":"https:\/\/mestrainfo.com.br\/site\/","logo":{"@type":"ImageObject","inLanguage":"pt-BR","@id":"https:\/\/mestrainfo.com.br\/site\/#\/schema\/logo\/image\/","url":"http:\/\/www.mestrainfo.com.br\/site\/wp-content\/uploads\/2016\/12\/logo-mestra-04.png","contentUrl":"http:\/\/www.mestrainfo.com.br\/site\/wp-content\/uploads\/2016\/12\/logo-mestra-04.png","width":324,"height":200,"caption":"Mestra Inform\u00e1tica e Tecnologia"},"image":{"@id":"https:\/\/mestrainfo.com.br\/site\/#\/schema\/logo\/image\/"}}]}},"_links":{"self":[{"href":"https:\/\/mestrainfo.com.br\/site\/wp-json\/wp\/v2\/pages\/21442","targetHints":{"allow":["GET"]}}],"collection":[{"href":"https:\/\/mestrainfo.com.br\/site\/wp-json\/wp\/v2\/pages"}],"about":[{"href":"https:\/\/mestrainfo.com.br\/site\/wp-json\/wp\/v2\/types\/page"}],"author":[{"embeddable":true,"href":"https:\/\/mestrainfo.com.br\/site\/wp-json\/wp\/v2\/users\/1"}],"replies":[{"embeddable":true,"href":"https:\/\/mestrainfo.com.br\/site\/wp-json\/wp\/v2\/comments?post=21442"}],"version-history":[{"count":14,"href":"https:\/\/mestrainfo.com.br\/site\/wp-json\/wp\/v2\/pages\/21442\/revisions"}],"predecessor-version":[{"id":22167,"href":"https:\/\/mestrainfo.com.br\/site\/wp-json\/wp\/v2\/pages\/21442\/revisions\/22167"}],"wp:attachment":[{"href":"https:\/\/mestrainfo.com.br\/site\/wp-json\/wp\/v2\/media?parent=21442"}],"curies":[{"name":"wp","href":"https:\/\/api.w.org\/{rel}","templated":true}]}}