{"id":21439,"date":"2016-05-25T20:48:03","date_gmt":"2016-05-25T20:48:03","guid":{"rendered":"https:\/\/mestrainfo.com.br\/site\/?page_id=21439"},"modified":"2016-12-15T11:02:15","modified_gmt":"2016-12-15T13:02:15","slug":"servicos","status":"publish","type":"page","link":"https:\/\/mestrainfo.com.br\/site\/servicos\/","title":{"rendered":"Servi\u00e7os"},"content":{"rendered":"<p>Oferecemos servi\u00e7os de consultoria, planejamento, desenvolvimento e manuten\u00e7\u00e3o para otimizar a gest\u00e3o e os resultados da sua empresa.<\/p>\n<p>&nbsp;<\/p>\n<h6>Consultoria e planejamento de TI<\/h6>\n<p>Esses servi\u00e7os visam identificar as reais necessidades dos clientes e orientar, de forma assertiva e segura, os investimentos na \u00e1rea de inform\u00e1tica. Al\u00e9m disso, fornecemos meios de avalia\u00e7\u00e3o e controle do processo de informatiza\u00e7\u00e3o. Um conjunto de medidas que ajuda a agregar maior valor ao neg\u00f3cio da empresa.<\/p>\n<p>&nbsp;<\/p>\n<h6>Desenvolvimento e manuten\u00e7\u00e3o de sistemas<\/h6>\n<p>Atrav\u00e9s de metodologia pr\u00f3pria, oferecemos servi\u00e7os capazes de resolver, parcial ou totalmente, atividades relacionadas ao ciclo de vida de sistemas informatizados, como: ger\u00eancia de projeto, levantamento de necessidades, an\u00e1lise, defini\u00e7\u00e3o dos requisitos da arquitetura de sistemas (hardware e software), entre outros. Al\u00e9m disso, o cliente Mestra pode solicitar profissionais com conhecimentos espec\u00edficos para aloca\u00e7\u00e3o na sua pr\u00f3pria empresa.<\/p>\n<p>&nbsp;<\/p>\n<h6>Ger\u00eancia das atividades de TI (BPO \u2013 Business Process Outsourcing)<\/h6>\n<p>Este servi\u00e7o \u00e9 uma op\u00e7\u00e3o para empresas que n\u00e3o possuem a inform\u00e1tica como atividade fim. Consiste em uma terceiriza\u00e7\u00e3o da parte inform\u00e1tica, que inclui todo o controle e execu\u00e7\u00e3o dos processos, respeitando os prazos definidos.<\/p>\n<p>&nbsp;<\/p>\n<h6>Ger\u00eancia das atividades de neg\u00f3cios (BPO \u2013 Business Process Outsourcing)<\/h6>\n<p>Terceiriza\u00e7\u00e3o das atividades relacionadas \u00e0s \u00e1reas de neg\u00f3cio dos clientes. Funciona da seguinte forma: a base de dados da empresa \u00e9 incorporada aos nossos sistemas e os processos, antes realizados pela internamente, s\u00e3o realizados por uma equipe especializada da Mestra.<br \/>\nOferecemos, tamb\u00e9m, a possibilidade do cliente monitorar parte desse processo atrav\u00e9s de transmiss\u00e3o online.<\/p>\n","protected":false},"excerpt":{"rendered":"<p>Oferecemos servi\u00e7os de consultoria, planejamento, desenvolvimento e manuten\u00e7\u00e3o para otimizar a gest\u00e3o e os resultados da sua empresa. &nbsp; Consultoria e planejamento de TI Esses servi\u00e7os visam identificar as reais necessidades dos clientes e orientar, de forma assertiva e segura, os investimentos na \u00e1rea de&#8230;<\/p>\n","protected":false},"author":1,"featured_media":0,"parent":0,"menu_order":0,"comment_status":"open","ping_status":"open","template":"","meta":{"_monsterinsights_skip_tracking":false,"_monsterinsights_sitenote_active":false,"_monsterinsights_sitenote_note":"","_monsterinsights_sitenote_category":0,"footnotes":""},"class_list":["post-21439","page","type-page","status-publish","hentry"],"yoast_head":"<!-- This site is optimized with the Yoast SEO plugin v25.5 - https:\/\/yoast.com\/wordpress\/plugins\/seo\/ -->\r\n<title>Servi\u00e7os - Mestra Inform\u00e1tica e Tecnologia<\/title>\r\n<meta name=\"robots\" content=\"index, follow, max-snippet:-1, max-image-preview:large, max-video-preview:-1\" \/>\r\n<link rel=\"canonical\" href=\"https:\/\/mestrainfo.com.br\/site\/servicos\/\" \/>\r\n<meta property=\"og:locale\" content=\"pt_BR\" \/>\r\n<meta property=\"og:type\" content=\"article\" \/>\r\n<meta property=\"og:title\" content=\"Servi\u00e7os - Mestra Inform\u00e1tica e Tecnologia\" \/>\r\n<meta property=\"og:description\" content=\"Oferecemos servi\u00e7os de consultoria, planejamento, desenvolvimento e manuten\u00e7\u00e3o para otimizar a gest\u00e3o e os resultados da sua empresa. &nbsp; Consultoria e planejamento de TI Esses servi\u00e7os visam identificar as reais necessidades dos clientes e orientar, de forma assertiva e segura, os investimentos na \u00e1rea de...\" \/>\r\n<meta property=\"og:url\" content=\"https:\/\/mestrainfo.com.br\/site\/servicos\/\" \/>\r\n<meta property=\"og:site_name\" content=\"Mestra Inform\u00e1tica e Tecnologia\" \/>\r\n<meta property=\"article:modified_time\" content=\"2016-12-15T13:02:15+00:00\" \/>\r\n<meta name=\"twitter:card\" content=\"summary_large_image\" \/>\r\n<meta name=\"twitter:label1\" content=\"Est. tempo de leitura\" \/>\n\t<meta name=\"twitter:data1\" content=\"1 minuto\" \/>\r\n<script type=\"application\/ld+json\" class=\"yoast-schema-graph\">{\"@context\":\"https:\/\/schema.org\",\"@graph\":[{\"@type\":\"WebPage\",\"@id\":\"https:\/\/mestrainfo.com.br\/site\/servicos\/\",\"url\":\"https:\/\/mestrainfo.com.br\/site\/servicos\/\",\"name\":\"Servi\u00e7os - Mestra Inform\u00e1tica e Tecnologia\",\"isPartOf\":{\"@id\":\"https:\/\/mestrainfo.com.br\/site\/#website\"},\"datePublished\":\"2016-05-25T20:48:03+00:00\",\"dateModified\":\"2016-12-15T13:02:15+00:00\",\"breadcrumb\":{\"@id\":\"https:\/\/mestrainfo.com.br\/site\/servicos\/#breadcrumb\"},\"inLanguage\":\"pt-BR\",\"potentialAction\":[{\"@type\":\"ReadAction\",\"target\":[\"https:\/\/mestrainfo.com.br\/site\/servicos\/\"]}]},{\"@type\":\"BreadcrumbList\",\"@id\":\"https:\/\/mestrainfo.com.br\/site\/servicos\/#breadcrumb\",\"itemListElement\":[{\"@type\":\"ListItem\",\"position\":1,\"name\":\"In\u00edcio\",\"item\":\"https:\/\/mestrainfo.com.br\/site\/\"},{\"@type\":\"ListItem\",\"position\":2,\"name\":\"Servi\u00e7os\"}]},{\"@type\":\"WebSite\",\"@id\":\"https:\/\/mestrainfo.com.br\/site\/#website\",\"url\":\"https:\/\/mestrainfo.com.br\/site\/\",\"name\":\"Mestra Inform\u00e1tica e Tecnologia\",\"description\":\"Consultoria, Planejamento e Desenvolvimento de Sistemas\",\"publisher\":{\"@id\":\"https:\/\/mestrainfo.com.br\/site\/#organization\"},\"potentialAction\":[{\"@type\":\"SearchAction\",\"target\":{\"@type\":\"EntryPoint\",\"urlTemplate\":\"https:\/\/mestrainfo.com.br\/site\/?s={search_term_string}\"},\"query-input\":{\"@type\":\"PropertyValueSpecification\",\"valueRequired\":true,\"valueName\":\"search_term_string\"}}],\"inLanguage\":\"pt-BR\"},{\"@type\":\"Organization\",\"@id\":\"https:\/\/mestrainfo.com.br\/site\/#organization\",\"name\":\"Mestra Inform\u00e1tica e Tecnologia\",\"url\":\"https:\/\/mestrainfo.com.br\/site\/\",\"logo\":{\"@type\":\"ImageObject\",\"inLanguage\":\"pt-BR\",\"@id\":\"https:\/\/mestrainfo.com.br\/site\/#\/schema\/logo\/image\/\",\"url\":\"http:\/\/www.mestrainfo.com.br\/site\/wp-content\/uploads\/2016\/12\/logo-mestra-04.png\",\"contentUrl\":\"http:\/\/www.mestrainfo.com.br\/site\/wp-content\/uploads\/2016\/12\/logo-mestra-04.png\",\"width\":324,\"height\":200,\"caption\":\"Mestra Inform\u00e1tica e Tecnologia\"},\"image\":{\"@id\":\"https:\/\/mestrainfo.com.br\/site\/#\/schema\/logo\/image\/\"}}]}<\/script>\r\n<!-- \/ Yoast SEO plugin. -->","yoast_head_json":{"title":"Servi\u00e7os - Mestra Inform\u00e1tica e Tecnologia","robots":{"index":"index","follow":"follow","max-snippet":"max-snippet:-1","max-image-preview":"max-image-preview:large","max-video-preview":"max-video-preview:-1"},"canonical":"https:\/\/mestrainfo.com.br\/site\/servicos\/","og_locale":"pt_BR","og_type":"article","og_title":"Servi\u00e7os - Mestra Inform\u00e1tica e Tecnologia","og_description":"Oferecemos servi\u00e7os de consultoria, planejamento, desenvolvimento e manuten\u00e7\u00e3o para otimizar a gest\u00e3o e os resultados da sua empresa. &nbsp; Consultoria e planejamento de TI Esses servi\u00e7os visam identificar as reais necessidades dos clientes e orientar, de forma assertiva e segura, os investimentos na \u00e1rea de...","og_url":"https:\/\/mestrainfo.com.br\/site\/servicos\/","og_site_name":"Mestra Inform\u00e1tica e Tecnologia","article_modified_time":"2016-12-15T13:02:15+00:00","twitter_card":"summary_large_image","twitter_misc":{"Est. tempo de leitura":"1 minuto"},"schema":{"@context":"https:\/\/schema.org","@graph":[{"@type":"WebPage","@id":"https:\/\/mestrainfo.com.br\/site\/servicos\/","url":"https:\/\/mestrainfo.com.br\/site\/servicos\/","name":"Servi\u00e7os - Mestra Inform\u00e1tica e Tecnologia","isPartOf":{"@id":"https:\/\/mestrainfo.com.br\/site\/#website"},"datePublished":"2016-05-25T20:48:03+00:00","dateModified":"2016-12-15T13:02:15+00:00","breadcrumb":{"@id":"https:\/\/mestrainfo.com.br\/site\/servicos\/#breadcrumb"},"inLanguage":"pt-BR","potentialAction":[{"@type":"ReadAction","target":["https:\/\/mestrainfo.com.br\/site\/servicos\/"]}]},{"@type":"BreadcrumbList","@id":"https:\/\/mestrainfo.com.br\/site\/servicos\/#breadcrumb","itemListElement":[{"@type":"ListItem","position":1,"name":"In\u00edcio","item":"https:\/\/mestrainfo.com.br\/site\/"},{"@type":"ListItem","position":2,"name":"Servi\u00e7os"}]},{"@type":"WebSite","@id":"https:\/\/mestrainfo.com.br\/site\/#website","url":"https:\/\/mestrainfo.com.br\/site\/","name":"Mestra Inform\u00e1tica e Tecnologia","description":"Consultoria, Planejamento e Desenvolvimento de Sistemas","publisher":{"@id":"https:\/\/mestrainfo.com.br\/site\/#organization"},"potentialAction":[{"@type":"SearchAction","target":{"@type":"EntryPoint","urlTemplate":"https:\/\/mestrainfo.com.br\/site\/?s={search_term_string}"},"query-input":{"@type":"PropertyValueSpecification","valueRequired":true,"valueName":"search_term_string"}}],"inLanguage":"pt-BR"},{"@type":"Organization","@id":"https:\/\/mestrainfo.com.br\/site\/#organization","name":"Mestra Inform\u00e1tica e Tecnologia","url":"https:\/\/mestrainfo.com.br\/site\/","logo":{"@type":"ImageObject","inLanguage":"pt-BR","@id":"https:\/\/mestrainfo.com.br\/site\/#\/schema\/logo\/image\/","url":"http:\/\/www.mestrainfo.com.br\/site\/wp-content\/uploads\/2016\/12\/logo-mestra-04.png","contentUrl":"http:\/\/www.mestrainfo.com.br\/site\/wp-content\/uploads\/2016\/12\/logo-mestra-04.png","width":324,"height":200,"caption":"Mestra Inform\u00e1tica e Tecnologia"},"image":{"@id":"https:\/\/mestrainfo.com.br\/site\/#\/schema\/logo\/image\/"}}]}},"_links":{"self":[{"href":"https:\/\/mestrainfo.com.br\/site\/wp-json\/wp\/v2\/pages\/21439","targetHints":{"allow":["GET"]}}],"collection":[{"href":"https:\/\/mestrainfo.com.br\/site\/wp-json\/wp\/v2\/pages"}],"about":[{"href":"https:\/\/mestrainfo.com.br\/site\/wp-json\/wp\/v2\/types\/page"}],"author":[{"embeddable":true,"href":"https:\/\/mestrainfo.com.br\/site\/wp-json\/wp\/v2\/users\/1"}],"replies":[{"embeddable":true,"href":"https:\/\/mestrainfo.com.br\/site\/wp-json\/wp\/v2\/comments?post=21439"}],"version-history":[{"count":1,"href":"https:\/\/mestrainfo.com.br\/site\/wp-json\/wp\/v2\/pages\/21439\/revisions"}],"predecessor-version":[{"id":21840,"href":"https:\/\/mestrainfo.com.br\/site\/wp-json\/wp\/v2\/pages\/21439\/revisions\/21840"}],"wp:attachment":[{"href":"https:\/\/mestrainfo.com.br\/site\/wp-json\/wp\/v2\/media?parent=21439"}],"curies":[{"name":"wp","href":"https:\/\/api.w.org\/{rel}","templated":true}]}}